{"id":76,"date":"2020-04-03T11:11:03","date_gmt":"2020-04-03T09:11:03","guid":{"rendered":"http:\/\/marcalbert.be\/?page_id=76"},"modified":"2024-10-16T15:17:05","modified_gmt":"2024-10-16T13:17:05","slug":"les-dernieres","status":"publish","type":"page","link":"https:\/\/marcalbert.be\/?page_id=76","title":{"rendered":"Les derni\u00e8res"},"content":{"rendered":"\n<div class=\"wp-block-group\"><div class=\"wp-block-group__inner-container is-layout-flow wp-block-group-is-layout-flow\">\n<div class=\"wp-block-dgwt-justified-gallery\"><div id='gallery-1' class='gallery galleryid-76 gallery-columns-3 gallery-size-thumbnail'><figure class='gallery-item'>\n\t\t\t<div class='gallery-icon landscape'>\n\t\t\t\t<a href='https:\/\/marcalbert.be\/?attachment_id=94'><img loading=\"lazy\" decoding=\"async\" width=\"150\" height=\"150\" src=\"https:\/\/marcalbert.be\/wp-content\/uploads\/2020\/04\/ED4B4ECA-55E4-4FC5-8412-DF1E8EEF973B-150x150.jpeg\" class=\"attachment-thumbnail size-thumbnail\" alt=\"\" srcset=\"https:\/\/marcalbert.be\/wp-content\/uploads\/2020\/04\/ED4B4ECA-55E4-4FC5-8412-DF1E8EEF973B-150x150.jpeg 150w, https:\/\/marcalbert.be\/wp-content\/uploads\/2020\/04\/ED4B4ECA-55E4-4FC5-8412-DF1E8EEF973B-100x100.jpeg 100w\" sizes=\"auto, 100vw\" \/><\/a>\n\t\t\t<\/div><\/figure><figure class='gallery-item'>\n\t\t\t<div class='gallery-icon portrait'>\n\t\t\t\t<a href='https:\/\/marcalbert.be\/?attachment_id=89'><img loading=\"lazy\" decoding=\"async\" width=\"150\" height=\"150\" src=\"https:\/\/marcalbert.be\/wp-content\/uploads\/2020\/04\/476B01D4-9415-43DB-887B-2500EC6A3C0E-150x150.jpeg\" class=\"attachment-thumbnail size-thumbnail\" alt=\"\" srcset=\"https:\/\/marcalbert.be\/wp-content\/uploads\/2020\/04\/476B01D4-9415-43DB-887B-2500EC6A3C0E-150x150.jpeg 150w, https:\/\/marcalbert.be\/wp-content\/uploads\/2020\/04\/476B01D4-9415-43DB-887B-2500EC6A3C0E-300x300.jpeg 300w, https:\/\/marcalbert.be\/wp-content\/uploads\/2020\/04\/476B01D4-9415-43DB-887B-2500EC6A3C0E-1020x1024.jpeg 1020w, https:\/\/marcalbert.be\/wp-content\/uploads\/2020\/04\/476B01D4-9415-43DB-887B-2500EC6A3C0E-768x771.jpeg 768w, https:\/\/marcalbert.be\/wp-content\/uploads\/2020\/04\/476B01D4-9415-43DB-887B-2500EC6A3C0E-1530x1536.jpeg 1530w, https:\/\/marcalbert.be\/wp-content\/uploads\/2020\/04\/476B01D4-9415-43DB-887B-2500EC6A3C0E-100x100.jpeg 100w, https:\/\/marcalbert.be\/wp-content\/uploads\/2020\/04\/476B01D4-9415-43DB-887B-2500EC6A3C0E.jpeg 2038w\" sizes=\"auto, 100vw\" \/><\/a>\n\t\t\t<\/div><\/figure><figure class='gallery-item'>\n\t\t\t<div class='gallery-icon portrait'>\n\t\t\t\t<a href='https:\/\/marcalbert.be\/?attachment_id=90'><img loading=\"lazy\" decoding=\"async\" width=\"150\" height=\"150\" src=\"https:\/\/marcalbert.be\/wp-content\/uploads\/2020\/04\/9006B61D-C401-42A6-AFDA-443CD419D1B5-150x150.jpeg\" class=\"attachment-thumbnail size-thumbnail\" alt=\"\" srcset=\"https:\/\/marcalbert.be\/wp-content\/uploads\/2020\/04\/9006B61D-C401-42A6-AFDA-443CD419D1B5-150x150.jpeg 150w, https:\/\/marcalbert.be\/wp-content\/uploads\/2020\/04\/9006B61D-C401-42A6-AFDA-443CD419D1B5-300x300.jpeg 300w, https:\/\/marcalbert.be\/wp-content\/uploads\/2020\/04\/9006B61D-C401-42A6-AFDA-443CD419D1B5-1022x1024.jpeg 1022w, https:\/\/marcalbert.be\/wp-content\/uploads\/2020\/04\/9006B61D-C401-42A6-AFDA-443CD419D1B5-768x769.jpeg 768w, https:\/\/marcalbert.be\/wp-content\/uploads\/2020\/04\/9006B61D-C401-42A6-AFDA-443CD419D1B5-1534x1536.jpeg 1534w, https:\/\/marcalbert.be\/wp-content\/uploads\/2020\/04\/9006B61D-C401-42A6-AFDA-443CD419D1B5-100x100.jpeg 100w, https:\/\/marcalbert.be\/wp-content\/uploads\/2020\/04\/9006B61D-C401-42A6-AFDA-443CD419D1B5.jpeg 2043w\" sizes=\"auto, 100vw\" \/><\/a>\n\t\t\t<\/div><\/figure><figure class='gallery-item'>\n\t\t\t<div class='gallery-icon landscape'>\n\t\t\t\t<a href='https:\/\/marcalbert.be\/?attachment_id=91'><img loading=\"lazy\" decoding=\"async\" width=\"150\" height=\"150\" src=\"https:\/\/marcalbert.be\/wp-content\/uploads\/2020\/04\/10540A66-A974-40DD-9039-D3F3495FA758-150x150.jpeg\" class=\"attachment-thumbnail size-thumbnail\" alt=\"\" srcset=\"https:\/\/marcalbert.be\/wp-content\/uploads\/2020\/04\/10540A66-A974-40DD-9039-D3F3495FA758-150x150.jpeg 150w, https:\/\/marcalbert.be\/wp-content\/uploads\/2020\/04\/10540A66-A974-40DD-9039-D3F3495FA758-300x300.jpeg 300w, https:\/\/marcalbert.be\/wp-content\/uploads\/2020\/04\/10540A66-A974-40DD-9039-D3F3495FA758-1024x1024.jpeg 1024w, https:\/\/marcalbert.be\/wp-content\/uploads\/2020\/04\/10540A66-A974-40DD-9039-D3F3495FA758-768x768.jpeg 768w, https:\/\/marcalbert.be\/wp-content\/uploads\/2020\/04\/10540A66-A974-40DD-9039-D3F3495FA758-1536x1536.jpeg 1536w, https:\/\/marcalbert.be\/wp-content\/uploads\/2020\/04\/10540A66-A974-40DD-9039-D3F3495FA758-2048x2048.jpeg 2048w, https:\/\/marcalbert.be\/wp-content\/uploads\/2020\/04\/10540A66-A974-40DD-9039-D3F3495FA758-100x100.jpeg 100w\" sizes=\"auto, 100vw\" \/><\/a>\n\t\t\t<\/div><\/figure><figure class='gallery-item'>\n\t\t\t<div class='gallery-icon landscape'>\n\t\t\t\t<a href='https:\/\/marcalbert.be\/?attachment_id=92'><img loading=\"lazy\" decoding=\"async\" width=\"150\" height=\"150\" src=\"https:\/\/marcalbert.be\/wp-content\/uploads\/2020\/04\/A71A6295-F940-40C9-94D8-58F9C439951E-150x150.jpeg\" class=\"attachment-thumbnail size-thumbnail\" alt=\"\" srcset=\"https:\/\/marcalbert.be\/wp-content\/uploads\/2020\/04\/A71A6295-F940-40C9-94D8-58F9C439951E-150x150.jpeg 150w, https:\/\/marcalbert.be\/wp-content\/uploads\/2020\/04\/A71A6295-F940-40C9-94D8-58F9C439951E-100x100.jpeg 100w\" sizes=\"auto, 100vw\" \/><\/a>\n\t\t\t<\/div><\/figure><figure class='gallery-item'>\n\t\t\t<div class='gallery-icon landscape'>\n\t\t\t\t<a href='https:\/\/marcalbert.be\/?attachment_id=93'><img loading=\"lazy\" decoding=\"async\" width=\"150\" height=\"150\" src=\"https:\/\/marcalbert.be\/wp-content\/uploads\/2020\/04\/E5303261-9D83-4ACC-B225-4BC667E0178E-150x150.jpeg\" class=\"attachment-thumbnail size-thumbnail\" alt=\"\" srcset=\"https:\/\/marcalbert.be\/wp-content\/uploads\/2020\/04\/E5303261-9D83-4ACC-B225-4BC667E0178E-150x150.jpeg 150w, https:\/\/marcalbert.be\/wp-content\/uploads\/2020\/04\/E5303261-9D83-4ACC-B225-4BC667E0178E-100x100.jpeg 100w\" sizes=\"auto, 100vw\" \/><\/a>\n\t\t\t<\/div><\/figure>\n\t\t<\/div>\n<\/div>\nsdv\n<\/div><\/div>\n\n\n\n<p>N&rsquo;h\u00e9sitez pas \u00e0 m&rsquo;envoyer un email \u00e0 l&rsquo;adresse info[at]marcalbert.be (remplacer [at] par @)<\/p>\n","protected":false},"excerpt":{"rendered":"<p>sdv N&rsquo;h\u00e9sitez pas \u00e0 m&rsquo;envoyer un email \u00e0 l&rsquo;adresse info[at]marcalbert.be (remplacer [at] par @)<\/p>\n","protected":false},"author":1,"featured_media":0,"parent":0,"menu_order":0,"comment_status":"closed","ping_status":"closed","template":"","meta":{"footnotes":""},"class_list":["post-76","page","type-page","status-publish","hentry"],"_links":{"self":[{"href":"https:\/\/marcalbert.be\/index.php?rest_route=\/wp\/v2\/pages\/76","targetHints":{"allow":["GET"]}}],"collection":[{"href":"https:\/\/marcalbert.be\/index.php?rest_route=\/wp\/v2\/pages"}],"about":[{"href":"https:\/\/marcalbert.be\/index.php?rest_route=\/wp\/v2\/types\/page"}],"author":[{"embeddable":true,"href":"https:\/\/marcalbert.be\/index.php?rest_route=\/wp\/v2\/users\/1"}],"replies":[{"embeddable":true,"href":"https:\/\/marcalbert.be\/index.php?rest_route=%2Fwp%2Fv2%2Fcomments&post=76"}],"version-history":[{"count":5,"href":"https:\/\/marcalbert.be\/index.php?rest_route=\/wp\/v2\/pages\/76\/revisions"}],"predecessor-version":[{"id":365,"href":"https:\/\/marcalbert.be\/index.php?rest_route=\/wp\/v2\/pages\/76\/revisions\/365"}],"wp:attachment":[{"href":"https:\/\/marcalbert.be\/index.php?rest_route=%2Fwp%2Fv2%2Fmedia&parent=76"}],"curies":[{"name":"wp","href":"https:\/\/api.w.org\/{rel}","templated":true}]}}