{"id":36,"date":"2020-04-03T09:34:53","date_gmt":"2020-04-03T07:34:53","guid":{"rendered":"http:\/\/marcalbert.be\/?p=36"},"modified":"2024-10-16T15:35:18","modified_gmt":"2024-10-16T13:35:18","slug":"les-abstraits","status":"publish","type":"page","link":"https:\/\/marcalbert.be\/?page_id=36","title":{"rendered":"Les abstraits"},"content":{"rendered":"\n<figure class=\"wp-block-image size-large\"><img loading=\"lazy\" decoding=\"async\" width=\"1024\" height=\"1021\" src=\"https:\/\/marcalbert.be\/wp-content\/uploads\/2021\/05\/4E9A6109-4200-4955-AE0B-CD7E89699B52-1024x1021.jpeg\" alt=\"\" class=\"wp-image-302\" srcset=\"https:\/\/marcalbert.be\/wp-content\/uploads\/2021\/05\/4E9A6109-4200-4955-AE0B-CD7E89699B52-1024x1021.jpeg 1024w, https:\/\/marcalbert.be\/wp-content\/uploads\/2021\/05\/4E9A6109-4200-4955-AE0B-CD7E89699B52-300x300.jpeg 300w, https:\/\/marcalbert.be\/wp-content\/uploads\/2021\/05\/4E9A6109-4200-4955-AE0B-CD7E89699B52-150x150.jpeg 150w, https:\/\/marcalbert.be\/wp-content\/uploads\/2021\/05\/4E9A6109-4200-4955-AE0B-CD7E89699B52-768x765.jpeg 768w, https:\/\/marcalbert.be\/wp-content\/uploads\/2021\/05\/4E9A6109-4200-4955-AE0B-CD7E89699B52-1536x1531.jpeg 1536w, https:\/\/marcalbert.be\/wp-content\/uploads\/2021\/05\/4E9A6109-4200-4955-AE0B-CD7E89699B52-100x100.jpeg 100w, https:\/\/marcalbert.be\/wp-content\/uploads\/2021\/05\/4E9A6109-4200-4955-AE0B-CD7E89699B52.jpeg 2048w\" sizes=\"auto, (max-width: 767px) 89vw, (max-width: 1000px) 54vw, (max-width: 1071px) 543px, 580px\" \/><\/figure>\n\n\n\n<figure class=\"wp-block-image size-large\"><img loading=\"lazy\" decoding=\"async\" width=\"1024\" height=\"730\" src=\"https:\/\/marcalbert.be\/wp-content\/uploads\/2021\/05\/0D39120B-C2EC-438D-8C43-C8C066E70569-1024x730.jpeg\" alt=\"\" class=\"wp-image-301\" srcset=\"https:\/\/marcalbert.be\/wp-content\/uploads\/2021\/05\/0D39120B-C2EC-438D-8C43-C8C066E70569-1024x730.jpeg 1024w, https:\/\/marcalbert.be\/wp-content\/uploads\/2021\/05\/0D39120B-C2EC-438D-8C43-C8C066E70569-300x214.jpeg 300w, https:\/\/marcalbert.be\/wp-content\/uploads\/2021\/05\/0D39120B-C2EC-438D-8C43-C8C066E70569-768x548.jpeg 768w, https:\/\/marcalbert.be\/wp-content\/uploads\/2021\/05\/0D39120B-C2EC-438D-8C43-C8C066E70569-1536x1096.jpeg 1536w, https:\/\/marcalbert.be\/wp-content\/uploads\/2021\/05\/0D39120B-C2EC-438D-8C43-C8C066E70569-2048x1461.jpeg 2048w\" sizes=\"auto, (max-width: 767px) 89vw, (max-width: 1000px) 54vw, (max-width: 1071px) 543px, 580px\" \/><\/figure>\n\n\n\n<figure class=\"wp-block-image size-large is-resized\"><img loading=\"lazy\" decoding=\"async\" src=\"https:\/\/marcalbert.be\/wp-content\/uploads\/2022\/02\/D0BEDC8E-E766-4998-80E2-31B127D1ADB1-1024x747.jpeg\" alt=\"\" class=\"wp-image-328\" width=\"674\" height=\"491\" srcset=\"https:\/\/marcalbert.be\/wp-content\/uploads\/2022\/02\/D0BEDC8E-E766-4998-80E2-31B127D1ADB1-1024x747.jpeg 1024w, https:\/\/marcalbert.be\/wp-content\/uploads\/2022\/02\/D0BEDC8E-E766-4998-80E2-31B127D1ADB1-300x219.jpeg 300w, https:\/\/marcalbert.be\/wp-content\/uploads\/2022\/02\/D0BEDC8E-E766-4998-80E2-31B127D1ADB1-768x560.jpeg 768w, https:\/\/marcalbert.be\/wp-content\/uploads\/2022\/02\/D0BEDC8E-E766-4998-80E2-31B127D1ADB1-1536x1120.jpeg 1536w, https:\/\/marcalbert.be\/wp-content\/uploads\/2022\/02\/D0BEDC8E-E766-4998-80E2-31B127D1ADB1-2048x1493.jpeg 2048w\" sizes=\"auto, (max-width: 674px) 100vw, 674px\" \/><\/figure>\n\n\n\n<div class=\"wp-block-group\"><div class=\"wp-block-group__inner-container is-layout-flow wp-block-group-is-layout-flow\">\n<figure class=\"wp-block-gallery has-nested-images columns-1 is-cropped wp-block-gallery-1 is-layout-flex wp-block-gallery-is-layout-flex\">\n<figure class=\"wp-block-image size-large\"><a href=\"https:\/\/marcalbert.be\/wp-content\/uploads\/2021\/05\/59CEC327-0FC9-4C1F-AFA8-377680672C00-scaled.jpeg\"><img loading=\"lazy\" decoding=\"async\" width=\"1024\" height=\"835\" data-id=\"305\" src=\"https:\/\/marcalbert.be\/wp-content\/uploads\/2021\/05\/59CEC327-0FC9-4C1F-AFA8-377680672C00-1024x835.jpeg\" alt=\"\" class=\"wp-image-305\" srcset=\"https:\/\/marcalbert.be\/wp-content\/uploads\/2021\/05\/59CEC327-0FC9-4C1F-AFA8-377680672C00-1024x835.jpeg 1024w, https:\/\/marcalbert.be\/wp-content\/uploads\/2021\/05\/59CEC327-0FC9-4C1F-AFA8-377680672C00-300x245.jpeg 300w, https:\/\/marcalbert.be\/wp-content\/uploads\/2021\/05\/59CEC327-0FC9-4C1F-AFA8-377680672C00-768x627.jpeg 768w, https:\/\/marcalbert.be\/wp-content\/uploads\/2021\/05\/59CEC327-0FC9-4C1F-AFA8-377680672C00-1536x1253.jpeg 1536w, https:\/\/marcalbert.be\/wp-content\/uploads\/2021\/05\/59CEC327-0FC9-4C1F-AFA8-377680672C00-2048x1671.jpeg 2048w\" sizes=\"auto, (max-width: 767px) 89vw, (max-width: 1000px) 54vw, (max-width: 1071px) 543px, 580px\" \/><\/a><\/figure>\n\n\n\n<figure class=\"wp-block-image size-large\"><a href=\"https:\/\/marcalbert.be\/wp-content\/uploads\/2020\/04\/a4big-2.jpg\"><img loading=\"lazy\" decoding=\"async\" width=\"809\" height=\"600\" data-id=\"105\" src=\"https:\/\/marcalbert.be\/wp-content\/uploads\/2020\/04\/a4big-2.jpg\" alt=\"\" class=\"wp-image-105\" srcset=\"https:\/\/marcalbert.be\/wp-content\/uploads\/2020\/04\/a4big-2.jpg 809w, https:\/\/marcalbert.be\/wp-content\/uploads\/2020\/04\/a4big-2-300x222.jpg 300w, https:\/\/marcalbert.be\/wp-content\/uploads\/2020\/04\/a4big-2-768x570.jpg 768w\" sizes=\"auto, (max-width: 767px) 89vw, (max-width: 1000px) 54vw, (max-width: 1071px) 543px, 580px\" \/><\/a><\/figure>\n\n\n\n<figure class=\"wp-block-image size-large\"><a href=\"https:\/\/marcalbert.be\/wp-content\/uploads\/2020\/04\/a2big.jpg\"><img loading=\"lazy\" decoding=\"async\" width=\"600\" height=\"600\" data-id=\"37\" src=\"https:\/\/marcalbert.be\/wp-content\/uploads\/2020\/04\/a2big.jpg\" alt=\"\" class=\"wp-image-37\" srcset=\"https:\/\/marcalbert.be\/wp-content\/uploads\/2020\/04\/a2big.jpg 600w, https:\/\/marcalbert.be\/wp-content\/uploads\/2020\/04\/a2big-300x300.jpg 300w, https:\/\/marcalbert.be\/wp-content\/uploads\/2020\/04\/a2big-150x150.jpg 150w, https:\/\/marcalbert.be\/wp-content\/uploads\/2020\/04\/a2big-100x100.jpg 100w\" sizes=\"auto, (max-width: 600px) 100vw, 600px\" \/><\/a><\/figure>\n\n\n\n<figure class=\"wp-block-image size-large\"><a href=\"https:\/\/marcalbert.be\/wp-content\/uploads\/2021\/05\/8ED07BD0-E2CB-48B0-9E06-F552BFA8A1AB-scaled.jpeg\"><img loading=\"lazy\" decoding=\"async\" width=\"1024\" height=\"813\" data-id=\"303\" src=\"https:\/\/marcalbert.be\/wp-content\/uploads\/2021\/05\/8ED07BD0-E2CB-48B0-9E06-F552BFA8A1AB-1024x813.jpeg\" alt=\"\" class=\"wp-image-303\" srcset=\"https:\/\/marcalbert.be\/wp-content\/uploads\/2021\/05\/8ED07BD0-E2CB-48B0-9E06-F552BFA8A1AB-1024x813.jpeg 1024w, https:\/\/marcalbert.be\/wp-content\/uploads\/2021\/05\/8ED07BD0-E2CB-48B0-9E06-F552BFA8A1AB-300x238.jpeg 300w, https:\/\/marcalbert.be\/wp-content\/uploads\/2021\/05\/8ED07BD0-E2CB-48B0-9E06-F552BFA8A1AB-768x610.jpeg 768w, https:\/\/marcalbert.be\/wp-content\/uploads\/2021\/05\/8ED07BD0-E2CB-48B0-9E06-F552BFA8A1AB-1536x1220.jpeg 1536w, https:\/\/marcalbert.be\/wp-content\/uploads\/2021\/05\/8ED07BD0-E2CB-48B0-9E06-F552BFA8A1AB-2048x1627.jpeg 2048w\" sizes=\"auto, (max-width: 767px) 89vw, (max-width: 1000px) 54vw, (max-width: 1071px) 543px, 580px\" \/><\/a><\/figure>\n<\/figure>\n\n\n\n<figure class=\"wp-block-image size-full\"><img loading=\"lazy\" decoding=\"async\" width=\"2522\" height=\"2560\" src=\"https:\/\/marcalbert.be\/wp-content\/uploads\/2021\/05\/555CED47-B7C8-4842-B8E3-D1CE0CE11E481-scaled.jpeg\" alt=\"\" class=\"wp-image-309\" srcset=\"https:\/\/marcalbert.be\/wp-content\/uploads\/2021\/05\/555CED47-B7C8-4842-B8E3-D1CE0CE11E481-scaled.jpeg 2522w, https:\/\/marcalbert.be\/wp-content\/uploads\/2021\/05\/555CED47-B7C8-4842-B8E3-D1CE0CE11E481-296x300.jpeg 296w, https:\/\/marcalbert.be\/wp-content\/uploads\/2021\/05\/555CED47-B7C8-4842-B8E3-D1CE0CE11E481-1009x1024.jpeg 1009w, https:\/\/marcalbert.be\/wp-content\/uploads\/2021\/05\/555CED47-B7C8-4842-B8E3-D1CE0CE11E481-768x779.jpeg 768w, https:\/\/marcalbert.be\/wp-content\/uploads\/2021\/05\/555CED47-B7C8-4842-B8E3-D1CE0CE11E481-1513x1536.jpeg 1513w, https:\/\/marcalbert.be\/wp-content\/uploads\/2021\/05\/555CED47-B7C8-4842-B8E3-D1CE0CE11E481-2018x2048.jpeg 2018w\" sizes=\"auto, (max-width: 767px) 89vw, (max-width: 1000px) 54vw, (max-width: 1071px) 543px, 580px\" \/><\/figure>\n<\/div><\/div>\n\n\n\n<figure class=\"wp-block-gallery has-nested-images columns-default is-cropped wp-block-gallery-2 is-layout-flex wp-block-gallery-is-layout-flex\"><\/figure>\n\n\n\n<figure class=\"wp-block-image size-large\"><img loading=\"lazy\" decoding=\"async\" width=\"1024\" height=\"521\" src=\"https:\/\/marcalbert.be\/wp-content\/uploads\/2021\/05\/4B81E540-2EC7-44B1-AF59-01BB493D2DB11-1024x521.jpeg\" alt=\"\" class=\"wp-image-308\" srcset=\"https:\/\/marcalbert.be\/wp-content\/uploads\/2021\/05\/4B81E540-2EC7-44B1-AF59-01BB493D2DB11-1024x521.jpeg 1024w, https:\/\/marcalbert.be\/wp-content\/uploads\/2021\/05\/4B81E540-2EC7-44B1-AF59-01BB493D2DB11-300x153.jpeg 300w, https:\/\/marcalbert.be\/wp-content\/uploads\/2021\/05\/4B81E540-2EC7-44B1-AF59-01BB493D2DB11-768x390.jpeg 768w, https:\/\/marcalbert.be\/wp-content\/uploads\/2021\/05\/4B81E540-2EC7-44B1-AF59-01BB493D2DB11-1536x781.jpeg 1536w, https:\/\/marcalbert.be\/wp-content\/uploads\/2021\/05\/4B81E540-2EC7-44B1-AF59-01BB493D2DB11-2048x1041.jpeg 2048w\" sizes=\"auto, (max-width: 767px) 89vw, (max-width: 1000px) 54vw, (max-width: 1071px) 543px, 580px\" \/><\/figure>\n\n\n\n<figure class=\"wp-block-image size-full is-resized\"><img loading=\"lazy\" decoding=\"async\" src=\"https:\/\/marcalbert.be\/wp-content\/uploads\/2023\/08\/A6-1004x1024-1.jpeg\" alt=\"\" class=\"wp-image-350\" width=\"674\" height=\"687\" srcset=\"https:\/\/marcalbert.be\/wp-content\/uploads\/2023\/08\/A6-1004x1024-1.jpeg 1004w, https:\/\/marcalbert.be\/wp-content\/uploads\/2023\/08\/A6-1004x1024-1-294x300.jpeg 294w, https:\/\/marcalbert.be\/wp-content\/uploads\/2023\/08\/A6-1004x1024-1-768x783.jpeg 768w\" sizes=\"auto, (max-width: 674px) 100vw, 674px\" \/><\/figure>\n\n\n\n<p>N&rsquo;h\u00e9sitez pas \u00e0 m&rsquo;envoyer un email \u00e0 l&rsquo;adresse info[at]marcalbert.be (remplacer [at] par @)<\/p>\n","protected":false},"excerpt":{"rendered":"<p>N&rsquo;h\u00e9sitez pas \u00e0 m&rsquo;envoyer un email \u00e0 l&rsquo;adresse info[at]marcalbert.be (remplacer [at] par @)<\/p>\n","protected":false},"author":1,"featured_media":0,"parent":0,"menu_order":0,"comment_status":"closed","ping_status":"closed","template":"","meta":{"footnotes":""},"class_list":["post-36","page","type-page","status-publish","hentry"],"_links":{"self":[{"href":"https:\/\/marcalbert.be\/index.php?rest_route=\/wp\/v2\/pages\/36","targetHints":{"allow":["GET"]}}],"collection":[{"href":"https:\/\/marcalbert.be\/index.php?rest_route=\/wp\/v2\/pages"}],"about":[{"href":"https:\/\/marcalbert.be\/index.php?rest_route=\/wp\/v2\/types\/page"}],"author":[{"embeddable":true,"href":"https:\/\/marcalbert.be\/index.php?rest_route=\/wp\/v2\/users\/1"}],"replies":[{"embeddable":true,"href":"https:\/\/marcalbert.be\/index.php?rest_route=%2Fwp%2Fv2%2Fcomments&post=36"}],"version-history":[{"count":33,"href":"https:\/\/marcalbert.be\/index.php?rest_route=\/wp\/v2\/pages\/36\/revisions"}],"predecessor-version":[{"id":379,"href":"https:\/\/marcalbert.be\/index.php?rest_route=\/wp\/v2\/pages\/36\/revisions\/379"}],"wp:attachment":[{"href":"https:\/\/marcalbert.be\/index.php?rest_route=%2Fwp%2Fv2%2Fmedia&parent=36"}],"curies":[{"name":"wp","href":"https:\/\/api.w.org\/{rel}","templated":true}]}}