{"id":19,"date":"2020-04-03T09:19:23","date_gmt":"2020-04-03T07:19:23","guid":{"rendered":"http:\/\/marcalbert.be\/?p=19"},"modified":"2025-12-04T12:40:37","modified_gmt":"2025-12-04T11:40:37","slug":"les-visages","status":"publish","type":"page","link":"https:\/\/marcalbert.be\/?page_id=19","title":{"rendered":"Les visages"},"content":{"rendered":"\n<figure class=\"wp-block-image size-large\"><img loading=\"lazy\" decoding=\"async\" width=\"1024\" height=\"801\" src=\"https:\/\/marcalbert.be\/wp-content\/uploads\/2025\/12\/IMG_9555-2-1024x801.jpg\" alt=\"\" class=\"wp-image-406\" srcset=\"https:\/\/marcalbert.be\/wp-content\/uploads\/2025\/12\/IMG_9555-2-1024x801.jpg 1024w, https:\/\/marcalbert.be\/wp-content\/uploads\/2025\/12\/IMG_9555-2-300x235.jpg 300w, https:\/\/marcalbert.be\/wp-content\/uploads\/2025\/12\/IMG_9555-2-768x601.jpg 768w, https:\/\/marcalbert.be\/wp-content\/uploads\/2025\/12\/IMG_9555-2-1536x1202.jpg 1536w, https:\/\/marcalbert.be\/wp-content\/uploads\/2025\/12\/IMG_9555-2-2048x1602.jpg 2048w\" sizes=\"auto, (max-width: 767px) 89vw, (max-width: 1000px) 54vw, (max-width: 1071px) 543px, 580px\" \/><\/figure>\n\n\n\n<figure class=\"wp-block-image size-large\"><img loading=\"lazy\" decoding=\"async\" width=\"880\" height=\"1024\" src=\"https:\/\/marcalbert.be\/wp-content\/uploads\/2025\/05\/o-880x1024.jpg\" alt=\"\" class=\"wp-image-401\" srcset=\"https:\/\/marcalbert.be\/wp-content\/uploads\/2025\/05\/o-880x1024.jpg 880w, https:\/\/marcalbert.be\/wp-content\/uploads\/2025\/05\/o-258x300.jpg 258w, https:\/\/marcalbert.be\/wp-content\/uploads\/2025\/05\/o-768x893.jpg 768w, https:\/\/marcalbert.be\/wp-content\/uploads\/2025\/05\/o-1320x1536.jpg 1320w, https:\/\/marcalbert.be\/wp-content\/uploads\/2025\/05\/o-1760x2048.jpg 1760w\" sizes=\"auto, (max-width: 767px) 89vw, (max-width: 1000px) 54vw, (max-width: 1071px) 543px, 580px\" \/><\/figure>\n\n\n\n<figure class=\"wp-block-image size-large\"><img loading=\"lazy\" decoding=\"async\" width=\"1019\" height=\"1024\" src=\"https:\/\/marcalbert.be\/wp-content\/uploads\/2025\/05\/mag-1019x1024.jpg\" alt=\"\" class=\"wp-image-399\" srcset=\"https:\/\/marcalbert.be\/wp-content\/uploads\/2025\/05\/mag-1019x1024.jpg 1019w, https:\/\/marcalbert.be\/wp-content\/uploads\/2025\/05\/mag-300x300.jpg 300w, https:\/\/marcalbert.be\/wp-content\/uploads\/2025\/05\/mag-150x150.jpg 150w, https:\/\/marcalbert.be\/wp-content\/uploads\/2025\/05\/mag-768x771.jpg 768w, https:\/\/marcalbert.be\/wp-content\/uploads\/2025\/05\/mag-1529x1536.jpg 1529w, https:\/\/marcalbert.be\/wp-content\/uploads\/2025\/05\/mag-2039x2048.jpg 2039w, https:\/\/marcalbert.be\/wp-content\/uploads\/2025\/05\/mag-100x100.jpg 100w\" sizes=\"auto, (max-width: 767px) 89vw, (max-width: 1000px) 54vw, (max-width: 1071px) 543px, 580px\" \/><\/figure>\n\n\n\n<div class=\"wp-block-group\"><div class=\"wp-block-group__inner-container is-layout-flow wp-block-group-is-layout-flow\">\n<div class=\"wp-block-group\"><div class=\"wp-block-group__inner-container is-layout-flow wp-block-group-is-layout-flow\">\n<figure class=\"wp-block-gallery has-nested-images columns-default is-cropped wp-block-gallery-1 is-layout-flex wp-block-gallery-is-layout-flex\">\n<figure class=\"wp-block-image size-large\"><img loading=\"lazy\" decoding=\"async\" width=\"1024\" height=\"759\" data-id=\"388\" src=\"https:\/\/marcalbert.be\/wp-content\/uploads\/2025\/02\/egg1-1-1024x759.jpg\" alt=\"\" class=\"wp-image-388\" srcset=\"https:\/\/marcalbert.be\/wp-content\/uploads\/2025\/02\/egg1-1-1024x759.jpg 1024w, https:\/\/marcalbert.be\/wp-content\/uploads\/2025\/02\/egg1-1-300x222.jpg 300w, https:\/\/marcalbert.be\/wp-content\/uploads\/2025\/02\/egg1-1-768x569.jpg 768w, https:\/\/marcalbert.be\/wp-content\/uploads\/2025\/02\/egg1-1-1536x1138.jpg 1536w, https:\/\/marcalbert.be\/wp-content\/uploads\/2025\/02\/egg1-1-2048x1518.jpg 2048w\" sizes=\"auto, (max-width: 767px) 89vw, (max-width: 1000px) 54vw, (max-width: 1071px) 543px, 580px\" \/><\/figure>\n<\/figure>\n<\/div><\/div>\n\n\n\n<figure class=\"wp-block-image size-large\"><img loading=\"lazy\" decoding=\"async\" width=\"764\" height=\"1024\" src=\"https:\/\/marcalbert.be\/wp-content\/uploads\/2025\/02\/eggfleur-764x1024.jpg\" alt=\"\" class=\"wp-image-395\" srcset=\"https:\/\/marcalbert.be\/wp-content\/uploads\/2025\/02\/eggfleur-764x1024.jpg 764w, https:\/\/marcalbert.be\/wp-content\/uploads\/2025\/02\/eggfleur-224x300.jpg 224w, https:\/\/marcalbert.be\/wp-content\/uploads\/2025\/02\/eggfleur-768x1030.jpg 768w, https:\/\/marcalbert.be\/wp-content\/uploads\/2025\/02\/eggfleur-1145x1536.jpg 1145w, https:\/\/marcalbert.be\/wp-content\/uploads\/2025\/02\/eggfleur-1527x2048.jpg 1527w, https:\/\/marcalbert.be\/wp-content\/uploads\/2025\/02\/eggfleur-scaled.jpg 1909w\" sizes=\"auto, (max-width: 706px) 89vw, (max-width: 767px) 82vw, 740px\" \/><\/figure>\n\n\n\n<figure class=\"wp-block-gallery has-nested-images columns-default is-cropped wp-block-gallery-2 is-layout-flex wp-block-gallery-is-layout-flex\">\n<figure class=\"wp-block-image size-large\"><img loading=\"lazy\" decoding=\"async\" width=\"1012\" height=\"1024\" data-id=\"390\" src=\"https:\/\/marcalbert.be\/wp-content\/uploads\/2025\/02\/tete2-1-1012x1024.jpg\" alt=\"\" class=\"wp-image-390\" srcset=\"https:\/\/marcalbert.be\/wp-content\/uploads\/2025\/02\/tete2-1-1012x1024.jpg 1012w, https:\/\/marcalbert.be\/wp-content\/uploads\/2025\/02\/tete2-1-297x300.jpg 297w, https:\/\/marcalbert.be\/wp-content\/uploads\/2025\/02\/tete2-1-768x777.jpg 768w, https:\/\/marcalbert.be\/wp-content\/uploads\/2025\/02\/tete2-1-1518x1536.jpg 1518w, https:\/\/marcalbert.be\/wp-content\/uploads\/2025\/02\/tete2-1-2024x2048.jpg 2024w, https:\/\/marcalbert.be\/wp-content\/uploads\/2025\/02\/tete2-1-100x100.jpg 100w\" sizes=\"auto, (max-width: 767px) 89vw, (max-width: 1000px) 54vw, (max-width: 1071px) 543px, 580px\" \/><\/figure>\n<\/figure>\n\n\n\n<figure class=\"wp-block-image size-large\"><img loading=\"lazy\" decoding=\"async\" width=\"1024\" height=\"1024\" src=\"https:\/\/marcalbert.be\/wp-content\/uploads\/2025\/02\/017-1024x1024.png\" alt=\"\" class=\"wp-image-392\" srcset=\"https:\/\/marcalbert.be\/wp-content\/uploads\/2025\/02\/017-1024x1024.png 1024w, https:\/\/marcalbert.be\/wp-content\/uploads\/2025\/02\/017-300x300.png 300w, https:\/\/marcalbert.be\/wp-content\/uploads\/2025\/02\/017-150x150.png 150w, https:\/\/marcalbert.be\/wp-content\/uploads\/2025\/02\/017-768x768.png 768w, https:\/\/marcalbert.be\/wp-content\/uploads\/2025\/02\/017-1536x1536.png 1536w, https:\/\/marcalbert.be\/wp-content\/uploads\/2025\/02\/017-2048x2048.png 2048w, https:\/\/marcalbert.be\/wp-content\/uploads\/2025\/02\/017-100x100.png 100w\" sizes=\"auto, (max-width: 767px) 89vw, (max-width: 1000px) 54vw, (max-width: 1071px) 543px, 580px\" \/><\/figure>\n\n\n\n<figure class=\"wp-block-image size-large\"><img loading=\"lazy\" decoding=\"async\" width=\"824\" height=\"1024\" src=\"https:\/\/marcalbert.be\/wp-content\/uploads\/2025\/02\/03-824x1024.png\" alt=\"\" class=\"wp-image-393\" srcset=\"https:\/\/marcalbert.be\/wp-content\/uploads\/2025\/02\/03-824x1024.png 824w, https:\/\/marcalbert.be\/wp-content\/uploads\/2025\/02\/03-241x300.png 241w, https:\/\/marcalbert.be\/wp-content\/uploads\/2025\/02\/03-768x954.png 768w, https:\/\/marcalbert.be\/wp-content\/uploads\/2025\/02\/03-1236x1536.png 1236w, https:\/\/marcalbert.be\/wp-content\/uploads\/2025\/02\/03.png 1476w\" sizes=\"auto, (max-width: 767px) 89vw, (max-width: 1000px) 54vw, (max-width: 1071px) 543px, 580px\" \/><\/figure>\n\n\n\n<figure class=\"wp-block-image size-large\"><img loading=\"lazy\" decoding=\"async\" width=\"1003\" height=\"1024\" src=\"https:\/\/marcalbert.be\/wp-content\/uploads\/2025\/02\/05-1003x1024.png\" alt=\"\" class=\"wp-image-394\" srcset=\"https:\/\/marcalbert.be\/wp-content\/uploads\/2025\/02\/05-1003x1024.png 1003w, https:\/\/marcalbert.be\/wp-content\/uploads\/2025\/02\/05-294x300.png 294w, https:\/\/marcalbert.be\/wp-content\/uploads\/2025\/02\/05-768x784.png 768w, https:\/\/marcalbert.be\/wp-content\/uploads\/2025\/02\/05-1504x1536.png 1504w, https:\/\/marcalbert.be\/wp-content\/uploads\/2025\/02\/05.png 1555w\" sizes=\"auto, (max-width: 767px) 89vw, (max-width: 1000px) 54vw, (max-width: 1071px) 543px, 580px\" \/><\/figure>\n\n\n\n\n\n<div class=\"wp-block-dgwt-justified-gallery\"><div id='gallery-1' class='gallery galleryid-19 gallery-columns-3 gallery-size-thumbnail'><figure class='gallery-item'>\n\t\t\t<div class='gallery-icon portrait'>\n\t\t\t\t<a href='https:\/\/marcalbert.be\/?attachment_id=87'><img loading=\"lazy\" decoding=\"async\" width=\"150\" height=\"150\" src=\"https:\/\/marcalbert.be\/wp-content\/uploads\/2020\/04\/sans_titre_1-3-150x150.jpg\" class=\"attachment-thumbnail size-thumbnail\" alt=\"\" srcset=\"https:\/\/marcalbert.be\/wp-content\/uploads\/2020\/04\/sans_titre_1-3-150x150.jpg 150w, https:\/\/marcalbert.be\/wp-content\/uploads\/2020\/04\/sans_titre_1-3-100x100.jpg 100w\" sizes=\"auto, 100vw\" \/><\/a>\n\t\t\t<\/div><\/figure><figure class='gallery-item'>\n\t\t\t<div class='gallery-icon landscape'>\n\t\t\t\t<a href='https:\/\/marcalbert.be\/?attachment_id=78'><img loading=\"lazy\" decoding=\"async\" width=\"150\" height=\"150\" src=\"https:\/\/marcalbert.be\/wp-content\/uploads\/2020\/04\/02-3-150x150.jpg\" class=\"attachment-thumbnail size-thumbnail\" alt=\"\" srcset=\"https:\/\/marcalbert.be\/wp-content\/uploads\/2020\/04\/02-3-150x150.jpg 150w, https:\/\/marcalbert.be\/wp-content\/uploads\/2020\/04\/02-3-100x100.jpg 100w\" sizes=\"auto, 100vw\" \/><\/a>\n\t\t\t<\/div><\/figure><figure class='gallery-item'>\n\t\t\t<div class='gallery-icon landscape'>\n\t\t\t\t<a href='https:\/\/marcalbert.be\/?attachment_id=85'><img loading=\"lazy\" decoding=\"async\" width=\"150\" height=\"150\" src=\"https:\/\/marcalbert.be\/wp-content\/uploads\/2020\/04\/first-2-150x150.jpeg\" class=\"attachment-thumbnail size-thumbnail\" alt=\"\" srcset=\"https:\/\/marcalbert.be\/wp-content\/uploads\/2020\/04\/first-2-150x150.jpeg 150w, https:\/\/marcalbert.be\/wp-content\/uploads\/2020\/04\/first-2-100x100.jpeg 100w\" sizes=\"auto, 100vw\" \/><\/a>\n\t\t\t<\/div><\/figure><figure class='gallery-item'>\n\t\t\t<div class='gallery-icon landscape'>\n\t\t\t\t<a href='https:\/\/marcalbert.be\/?attachment_id=79'><img loading=\"lazy\" decoding=\"async\" width=\"150\" height=\"150\" src=\"https:\/\/marcalbert.be\/wp-content\/uploads\/2020\/04\/065-3-150x150.jpg\" class=\"attachment-thumbnail size-thumbnail\" alt=\"\" srcset=\"https:\/\/marcalbert.be\/wp-content\/uploads\/2020\/04\/065-3-150x150.jpg 150w, https:\/\/marcalbert.be\/wp-content\/uploads\/2020\/04\/065-3-300x300.jpg 300w, https:\/\/marcalbert.be\/wp-content\/uploads\/2020\/04\/065-3-100x100.jpg 100w, https:\/\/marcalbert.be\/wp-content\/uploads\/2020\/04\/065-3.jpg 600w\" sizes=\"auto, 100vw\" \/><\/a>\n\t\t\t<\/div><\/figure><figure class='gallery-item'>\n\t\t\t<div class='gallery-icon portrait'>\n\t\t\t\t<a href='https:\/\/marcalbert.be\/?attachment_id=80'><img loading=\"lazy\" decoding=\"async\" width=\"150\" height=\"150\" src=\"https:\/\/marcalbert.be\/wp-content\/uploads\/2020\/04\/066-3-150x150.jpg\" class=\"attachment-thumbnail size-thumbnail\" alt=\"\" srcset=\"https:\/\/marcalbert.be\/wp-content\/uploads\/2020\/04\/066-3-150x150.jpg 150w, https:\/\/marcalbert.be\/wp-content\/uploads\/2020\/04\/066-3-100x100.jpg 100w\" sizes=\"auto, 100vw\" \/><\/a>\n\t\t\t<\/div><\/figure><figure class='gallery-item'>\n\t\t\t<div class='gallery-icon landscape'>\n\t\t\t\t<a href='https:\/\/marcalbert.be\/?attachment_id=81'><img loading=\"lazy\" decoding=\"async\" width=\"150\" height=\"150\" src=\"https:\/\/marcalbert.be\/wp-content\/uploads\/2020\/04\/071-3-150x150.jpg\" class=\"attachment-thumbnail size-thumbnail\" alt=\"\" srcset=\"https:\/\/marcalbert.be\/wp-content\/uploads\/2020\/04\/071-3-150x150.jpg 150w, https:\/\/marcalbert.be\/wp-content\/uploads\/2020\/04\/071-3-100x100.jpg 100w\" sizes=\"auto, 100vw\" \/><\/a>\n\t\t\t<\/div><\/figure><figure class='gallery-item'>\n\t\t\t<div class='gallery-icon landscape'>\n\t\t\t\t<a href='https:\/\/marcalbert.be\/?attachment_id=82'><img loading=\"lazy\" decoding=\"async\" width=\"150\" height=\"150\" src=\"https:\/\/marcalbert.be\/wp-content\/uploads\/2020\/04\/0614-3-150x150.jpg\" class=\"attachment-thumbnail size-thumbnail\" alt=\"\" srcset=\"https:\/\/marcalbert.be\/wp-content\/uploads\/2020\/04\/0614-3-150x150.jpg 150w, https:\/\/marcalbert.be\/wp-content\/uploads\/2020\/04\/0614-3-100x100.jpg 100w\" sizes=\"auto, 100vw\" \/><\/a>\n\t\t\t<\/div><\/figure><figure class='gallery-item'>\n\t\t\t<div class='gallery-icon landscape'>\n\t\t\t\t<a href='https:\/\/marcalbert.be\/?attachment_id=83'><img loading=\"lazy\" decoding=\"async\" width=\"150\" height=\"150\" src=\"https:\/\/marcalbert.be\/wp-content\/uploads\/2020\/04\/0676-3-150x150.jpg\" class=\"attachment-thumbnail size-thumbnail\" alt=\"\" srcset=\"https:\/\/marcalbert.be\/wp-content\/uploads\/2020\/04\/0676-3-150x150.jpg 150w, https:\/\/marcalbert.be\/wp-content\/uploads\/2020\/04\/0676-3-100x100.jpg 100w\" sizes=\"auto, 100vw\" \/><\/a>\n\t\t\t<\/div><\/figure><figure class='gallery-item'>\n\t\t\t<div class='gallery-icon portrait'>\n\t\t\t\t<a href='https:\/\/marcalbert.be\/?attachment_id=84'><img loading=\"lazy\" decoding=\"async\" width=\"150\" height=\"150\" src=\"https:\/\/marcalbert.be\/wp-content\/uploads\/2020\/04\/C55B2EC9-AE97-4637-AF50-CACE1F387193-1-150x150.jpeg\" class=\"attachment-thumbnail size-thumbnail\" alt=\"\" srcset=\"https:\/\/marcalbert.be\/wp-content\/uploads\/2020\/04\/C55B2EC9-AE97-4637-AF50-CACE1F387193-1-150x150.jpeg 150w, https:\/\/marcalbert.be\/wp-content\/uploads\/2020\/04\/C55B2EC9-AE97-4637-AF50-CACE1F387193-1-100x100.jpeg 100w\" sizes=\"auto, 100vw\" \/><\/a>\n\t\t\t<\/div><\/figure><figure class='gallery-item'>\n\t\t\t<div class='gallery-icon portrait'>\n\t\t\t\t<a href='https:\/\/marcalbert.be\/?attachment_id=86'><img loading=\"lazy\" decoding=\"async\" width=\"150\" height=\"150\" src=\"https:\/\/marcalbert.be\/wp-content\/uploads\/2020\/04\/geraldinebig-2-150x150.jpg\" class=\"attachment-thumbnail size-thumbnail\" alt=\"\" srcset=\"https:\/\/marcalbert.be\/wp-content\/uploads\/2020\/04\/geraldinebig-2-150x150.jpg 150w, https:\/\/marcalbert.be\/wp-content\/uploads\/2020\/04\/geraldinebig-2-300x300.jpg 300w, https:\/\/marcalbert.be\/wp-content\/uploads\/2020\/04\/geraldinebig-2-100x100.jpg 100w, https:\/\/marcalbert.be\/wp-content\/uploads\/2020\/04\/geraldinebig-2.jpg 560w\" sizes=\"auto, 100vw\" \/><\/a>\n\t\t\t<\/div><\/figure><figure class='gallery-item'>\n\t\t\t<div class='gallery-icon landscape'>\n\t\t\t\t<a href='https:\/\/marcalbert.be\/?attachment_id=77'><img loading=\"lazy\" decoding=\"async\" width=\"150\" height=\"150\" src=\"https:\/\/marcalbert.be\/wp-content\/uploads\/2020\/04\/01-3-150x150.jpg\" class=\"attachment-thumbnail size-thumbnail\" alt=\"\" srcset=\"https:\/\/marcalbert.be\/wp-content\/uploads\/2020\/04\/01-3-150x150.jpg 150w, https:\/\/marcalbert.be\/wp-content\/uploads\/2020\/04\/01-3-300x300.jpg 300w, https:\/\/marcalbert.be\/wp-content\/uploads\/2020\/04\/01-3-100x100.jpg 100w, https:\/\/marcalbert.be\/wp-content\/uploads\/2020\/04\/01-3.jpg 600w\" sizes=\"auto, 100vw\" \/><\/a>\n\t\t\t<\/div><\/figure>\n\t\t<\/div>\n<\/div>\n\n\n\n<div class=\"wp-block-group\"><div class=\"wp-block-group__inner-container is-layout-flow wp-block-group-is-layout-flow\">\n<p>N&rsquo;h\u00e9sitez pas \u00e0 m&rsquo;envoyer un email \u00e0 l&rsquo;adresse info[at]marcalbert.be (remplacer [at] par @)<\/p>\n<\/div><\/div>\n<\/div><\/div>\n\n\n\n<p><\/p>\n","protected":false},"excerpt":{"rendered":"<p>N&rsquo;h\u00e9sitez pas \u00e0 m&rsquo;envoyer un email \u00e0 l&rsquo;adresse info[at]marcalbert.be (remplacer [at] par @)<\/p>\n","protected":false},"author":1,"featured_media":0,"parent":0,"menu_order":0,"comment_status":"closed","ping_status":"closed","template":"","meta":{"footnotes":""},"class_list":["post-19","page","type-page","status-publish","hentry"],"_links":{"self":[{"href":"https:\/\/marcalbert.be\/index.php?rest_route=\/wp\/v2\/pages\/19","targetHints":{"allow":["GET"]}}],"collection":[{"href":"https:\/\/marcalbert.be\/index.php?rest_route=\/wp\/v2\/pages"}],"about":[{"href":"https:\/\/marcalbert.be\/index.php?rest_route=\/wp\/v2\/types\/page"}],"author":[{"embeddable":true,"href":"https:\/\/marcalbert.be\/index.php?rest_route=\/wp\/v2\/users\/1"}],"replies":[{"embeddable":true,"href":"https:\/\/marcalbert.be\/index.php?rest_route=%2Fwp%2Fv2%2Fcomments&post=19"}],"version-history":[{"count":10,"href":"https:\/\/marcalbert.be\/index.php?rest_route=\/wp\/v2\/pages\/19\/revisions"}],"predecessor-version":[{"id":407,"href":"https:\/\/marcalbert.be\/index.php?rest_route=\/wp\/v2\/pages\/19\/revisions\/407"}],"wp:attachment":[{"href":"https:\/\/marcalbert.be\/index.php?rest_route=%2Fwp%2Fv2%2Fmedia&parent=19"}],"curies":[{"name":"wp","href":"https:\/\/api.w.org\/{rel}","templated":true}]}}