{"id":14,"date":"2020-04-02T20:22:25","date_gmt":"2020-04-02T18:22:25","guid":{"rendered":"http:\/\/marcalbert.be\/?p=14"},"modified":"2025-06-04T12:18:50","modified_gmt":"2025-06-04T10:18:50","slug":"portfolio","status":"publish","type":"page","link":"https:\/\/marcalbert.be\/?page_id=14","title":{"rendered":"Portfolio"},"content":{"rendered":"\n<p>Diff\u00e9rentes p\u00e9riodes, diff\u00e9rentes recherches, diff\u00e9rentes d\u00e9marches<\/p>\n\n\n\n<div style=\"display:flex; flex-wrap:wrap; justify-content: space-between\"><p><a href=\"http:\/\/marcalbert.be\/?p=19\">Les visages<\/a><\/p><p><a href=\"http:\/\/marcalbert.be\/?p=36\">Les abstraits<\/a><\/p><p><a href=\"http:\/\/marcalbert.be\/?p=76\">Les derni\u00e8res<\/a><\/p><\/div>\n<div style=\"display:flex; flex-wrap:wrap; justify-content: space-between\"><!--<p><a href=\"http:\/\/marcalbert.be\/?page_id=110\">Les corps<\/a><\/p>--><p><a href=\"http:\/\/marcalbert.be\/?page_id=191\">Autour de la peinture<\/a><\/p><\/div>\n<p>N&rsquo;h\u00e9sitez pas \u00e0 m&rsquo;envoyer un email \u00e0 l&rsquo;adresse info[at]marcalbert.be (remplacer [at] par @)<\/p>\n\n\n\n<p><\/p>\n","protected":false},"excerpt":{"rendered":"<p>Diff\u00e9rentes p\u00e9riodes, diff\u00e9rentes recherches, diff\u00e9rentes d\u00e9marches Les visages Les abstraits Les derni\u00e8res Autour de la peinture N&rsquo;h\u00e9sitez pas \u00e0 m&rsquo;envoyer un email \u00e0 l&rsquo;adresse info[at]marcalbert.be (remplacer [at] par @)<\/p>\n","protected":false},"author":1,"featured_media":0,"parent":0,"menu_order":0,"comment_status":"closed","ping_status":"closed","template":"","meta":{"footnotes":""},"class_list":["post-14","page","type-page","status-publish","hentry"],"_links":{"self":[{"href":"https:\/\/marcalbert.be\/index.php?rest_route=\/wp\/v2\/pages\/14","targetHints":{"allow":["GET"]}}],"collection":[{"href":"https:\/\/marcalbert.be\/index.php?rest_route=\/wp\/v2\/pages"}],"about":[{"href":"https:\/\/marcalbert.be\/index.php?rest_route=\/wp\/v2\/types\/page"}],"author":[{"embeddable":true,"href":"https:\/\/marcalbert.be\/index.php?rest_route=\/wp\/v2\/users\/1"}],"replies":[{"embeddable":true,"href":"https:\/\/marcalbert.be\/index.php?rest_route=%2Fwp%2Fv2%2Fcomments&post=14"}],"version-history":[{"count":21,"href":"https:\/\/marcalbert.be\/index.php?rest_route=\/wp\/v2\/pages\/14\/revisions"}],"predecessor-version":[{"id":405,"href":"https:\/\/marcalbert.be\/index.php?rest_route=\/wp\/v2\/pages\/14\/revisions\/405"}],"wp:attachment":[{"href":"https:\/\/marcalbert.be\/index.php?rest_route=%2Fwp%2Fv2%2Fmedia&parent=14"}],"curies":[{"name":"wp","href":"https:\/\/api.w.org\/{rel}","templated":true}]}}