{"id":110,"date":"2020-04-03T16:07:32","date_gmt":"2020-04-03T14:07:32","guid":{"rendered":"http:\/\/marcalbert.be\/?page_id=110"},"modified":"2020-12-03T09:58:30","modified_gmt":"2020-12-03T08:58:30","slug":"les-corps","status":"publish","type":"page","link":"https:\/\/marcalbert.be\/?page_id=110","title":{"rendered":"Les corps"},"content":{"rendered":"\n<div class=\"wp-block-dgwt-justified-gallery\"><div id='gallery-1' class='gallery galleryid-110 gallery-columns-3 gallery-size-thumbnail'><figure class='gallery-item'>\n\t\t\t<div class='gallery-icon portrait'>\n\t\t\t\t<a href='https:\/\/marcalbert.be\/?attachment_id=111'><img loading=\"lazy\" decoding=\"async\" width=\"150\" height=\"150\" src=\"https:\/\/marcalbert.be\/wp-content\/uploads\/2020\/04\/0-150x150.jpg\" class=\"attachment-thumbnail size-thumbnail\" alt=\"\" srcset=\"https:\/\/marcalbert.be\/wp-content\/uploads\/2020\/04\/0-150x150.jpg 150w, https:\/\/marcalbert.be\/wp-content\/uploads\/2020\/04\/0-100x100.jpg 100w\" sizes=\"auto, 100vw\" \/><\/a>\n\t\t\t<\/div><\/figure><figure class='gallery-item'>\n\t\t\t<div class='gallery-icon portrait'>\n\t\t\t\t<a href='https:\/\/marcalbert.be\/?attachment_id=112'><img loading=\"lazy\" decoding=\"async\" width=\"150\" height=\"150\" src=\"https:\/\/marcalbert.be\/wp-content\/uploads\/2020\/04\/04-150x150.jpg\" class=\"attachment-thumbnail size-thumbnail\" alt=\"\" srcset=\"https:\/\/marcalbert.be\/wp-content\/uploads\/2020\/04\/04-150x150.jpg 150w, https:\/\/marcalbert.be\/wp-content\/uploads\/2020\/04\/04-100x100.jpg 100w\" sizes=\"auto, 100vw\" \/><\/a>\n\t\t\t<\/div><\/figure><figure class='gallery-item'>\n\t\t\t<div class='gallery-icon landscape'>\n\t\t\t\t<a href='https:\/\/marcalbert.be\/?attachment_id=113'><img loading=\"lazy\" decoding=\"async\" width=\"150\" height=\"150\" src=\"https:\/\/marcalbert.be\/wp-content\/uploads\/2020\/04\/05-150x150.jpg\" class=\"attachment-thumbnail size-thumbnail\" alt=\"\" srcset=\"https:\/\/marcalbert.be\/wp-content\/uploads\/2020\/04\/05-150x150.jpg 150w, https:\/\/marcalbert.be\/wp-content\/uploads\/2020\/04\/05-100x100.jpg 100w\" sizes=\"auto, 100vw\" \/><\/a>\n\t\t\t<\/div><\/figure><figure class='gallery-item'>\n\t\t\t<div class='gallery-icon portrait'>\n\t\t\t\t<a href='https:\/\/marcalbert.be\/?attachment_id=114'><img loading=\"lazy\" decoding=\"async\" width=\"150\" height=\"150\" src=\"https:\/\/marcalbert.be\/wp-content\/uploads\/2020\/04\/06-150x150.jpg\" class=\"attachment-thumbnail size-thumbnail\" alt=\"\" srcset=\"https:\/\/marcalbert.be\/wp-content\/uploads\/2020\/04\/06-150x150.jpg 150w, https:\/\/marcalbert.be\/wp-content\/uploads\/2020\/04\/06-100x100.jpg 100w\" sizes=\"auto, 100vw\" \/><\/a>\n\t\t\t<\/div><\/figure><figure class='gallery-item'>\n\t\t\t<div class='gallery-icon portrait'>\n\t\t\t\t<a href='https:\/\/marcalbert.be\/?attachment_id=115'><img loading=\"lazy\" decoding=\"async\" width=\"150\" height=\"150\" src=\"https:\/\/marcalbert.be\/wp-content\/uploads\/2020\/04\/07-150x150.jpg\" class=\"attachment-thumbnail size-thumbnail\" alt=\"\" srcset=\"https:\/\/marcalbert.be\/wp-content\/uploads\/2020\/04\/07-150x150.jpg 150w, https:\/\/marcalbert.be\/wp-content\/uploads\/2020\/04\/07-100x100.jpg 100w\" sizes=\"auto, 100vw\" \/><\/a>\n\t\t\t<\/div><\/figure><figure class='gallery-item'>\n\t\t\t<div class='gallery-icon landscape'>\n\t\t\t\t<a href='https:\/\/marcalbert.be\/?attachment_id=116'><img loading=\"lazy\" decoding=\"async\" width=\"150\" height=\"150\" src=\"https:\/\/marcalbert.be\/wp-content\/uploads\/2020\/04\/07i-150x150.jpg\" class=\"attachment-thumbnail size-thumbnail\" alt=\"\" srcset=\"https:\/\/marcalbert.be\/wp-content\/uploads\/2020\/04\/07i-150x150.jpg 150w, https:\/\/marcalbert.be\/wp-content\/uploads\/2020\/04\/07i-100x100.jpg 100w\" sizes=\"auto, 100vw\" \/><\/a>\n\t\t\t<\/div><\/figure><figure class='gallery-item'>\n\t\t\t<div class='gallery-icon portrait'>\n\t\t\t\t<a href='https:\/\/marcalbert.be\/?attachment_id=117'><img loading=\"lazy\" decoding=\"async\" width=\"150\" height=\"150\" src=\"https:\/\/marcalbert.be\/wp-content\/uploads\/2020\/04\/psychanalyse1-150x150.jpg\" class=\"attachment-thumbnail size-thumbnail\" alt=\"\" srcset=\"https:\/\/marcalbert.be\/wp-content\/uploads\/2020\/04\/psychanalyse1-150x150.jpg 150w, https:\/\/marcalbert.be\/wp-content\/uploads\/2020\/04\/psychanalyse1-100x100.jpg 100w\" sizes=\"auto, 100vw\" \/><\/a>\n\t\t\t<\/div><\/figure><figure class='gallery-item'>\n\t\t\t<div class='gallery-icon portrait'>\n\t\t\t\t<a href='https:\/\/marcalbert.be\/?attachment_id=118'><img loading=\"lazy\" decoding=\"async\" width=\"150\" height=\"150\" src=\"https:\/\/marcalbert.be\/wp-content\/uploads\/2020\/04\/psychanalyse2lln-150x150.jpg\" class=\"attachment-thumbnail size-thumbnail\" alt=\"\" srcset=\"https:\/\/marcalbert.be\/wp-content\/uploads\/2020\/04\/psychanalyse2lln-150x150.jpg 150w, https:\/\/marcalbert.be\/wp-content\/uploads\/2020\/04\/psychanalyse2lln-100x100.jpg 100w\" sizes=\"auto, 100vw\" \/><\/a>\n\t\t\t<\/div><\/figure><figure class='gallery-item'>\n\t\t\t<div class='gallery-icon portrait'>\n\t\t\t\t<a href='https:\/\/marcalbert.be\/?attachment_id=119'><img loading=\"lazy\" decoding=\"async\" width=\"150\" height=\"150\" src=\"https:\/\/marcalbert.be\/wp-content\/uploads\/2020\/04\/psychanalyse3-150x150.jpg\" class=\"attachment-thumbnail size-thumbnail\" alt=\"\" srcset=\"https:\/\/marcalbert.be\/wp-content\/uploads\/2020\/04\/psychanalyse3-150x150.jpg 150w, https:\/\/marcalbert.be\/wp-content\/uploads\/2020\/04\/psychanalyse3-100x100.jpg 100w\" sizes=\"auto, 100vw\" \/><\/a>\n\t\t\t<\/div><\/figure><figure class='gallery-item'>\n\t\t\t<div class='gallery-icon portrait'>\n\t\t\t\t<a href='https:\/\/marcalbert.be\/?attachment_id=120'><img loading=\"lazy\" decoding=\"async\" width=\"150\" height=\"150\" src=\"https:\/\/marcalbert.be\/wp-content\/uploads\/2020\/04\/zfss-150x150.jpg\" class=\"attachment-thumbnail size-thumbnail\" alt=\"\" srcset=\"https:\/\/marcalbert.be\/wp-content\/uploads\/2020\/04\/zfss-150x150.jpg 150w, https:\/\/marcalbert.be\/wp-content\/uploads\/2020\/04\/zfss-300x300.jpg 300w, https:\/\/marcalbert.be\/wp-content\/uploads\/2020\/04\/zfss-100x100.jpg 100w, https:\/\/marcalbert.be\/wp-content\/uploads\/2020\/04\/zfss.jpg 598w\" sizes=\"auto, 100vw\" \/><\/a>\n\t\t\t<\/div><\/figure>\n\t\t<\/div>\n<\/div>\n\n\n\n<p>N&rsquo;h\u00e9sitez pas \u00e0 m&rsquo;envoyer un email \u00e0 l&rsquo;adresse info[at]marcalbert.be (remplacer [at] par @)<\/p>\n","protected":false},"excerpt":{"rendered":"<p>N&rsquo;h\u00e9sitez pas \u00e0 m&rsquo;envoyer un email \u00e0 l&rsquo;adresse info[at]marcalbert.be (remplacer [at] par @)<\/p>\n","protected":false},"author":1,"featured_media":0,"parent":0,"menu_order":0,"comment_status":"closed","ping_status":"closed","template":"","meta":{"footnotes":""},"class_list":["post-110","page","type-page","status-publish","hentry"],"_links":{"self":[{"href":"https:\/\/marcalbert.be\/index.php?rest_route=\/wp\/v2\/pages\/110","targetHints":{"allow":["GET"]}}],"collection":[{"href":"https:\/\/marcalbert.be\/index.php?rest_route=\/wp\/v2\/pages"}],"about":[{"href":"https:\/\/marcalbert.be\/index.php?rest_route=\/wp\/v2\/types\/page"}],"author":[{"embeddable":true,"href":"https:\/\/marcalbert.be\/index.php?rest_route=\/wp\/v2\/users\/1"}],"replies":[{"embeddable":true,"href":"https:\/\/marcalbert.be\/index.php?rest_route=%2Fwp%2Fv2%2Fcomments&post=110"}],"version-history":[{"count":2,"href":"https:\/\/marcalbert.be\/index.php?rest_route=\/wp\/v2\/pages\/110\/revisions"}],"predecessor-version":[{"id":294,"href":"https:\/\/marcalbert.be\/index.php?rest_route=\/wp\/v2\/pages\/110\/revisions\/294"}],"wp:attachment":[{"href":"https:\/\/marcalbert.be\/index.php?rest_route=%2Fwp%2Fv2%2Fmedia&parent=110"}],"curies":[{"name":"wp","href":"https:\/\/api.w.org\/{rel}","templated":true}]}}